{"id":1961,"date":"2018-03-20T16:40:45","date_gmt":"2018-03-20T16:40:45","guid":{"rendered":"http:\/\/chromium.themes.zone\/?page_id=1961"},"modified":"2023-10-08T15:40:44","modified_gmt":"2023-10-08T15:40:44","slug":"iletisim","status":"publish","type":"page","link":"http:\/\/www.hadopet.com.tr\/Hadopet\/iletisim\/","title":{"rendered":"\u0130leti\u015fim"},"content":{"rendered":"\t\t<div data-elementor-type=\"wp-post\" data-elementor-id=\"1961\" class=\"elementor elementor-1961\">\n\t\t\t\t\t\t<section class=\"elementor-section elementor-top-section elementor-element elementor-element-d4c37e7 elementor-section-full_width elementor-section-height-default elementor-section-height-default\" data-id=\"d4c37e7\" data-element_type=\"section\">\n\t\t\t\t\t\t<div class=\"elementor-container elementor-column-gap-no\">\n\t\t\t\t\t<div class=\"elementor-column elementor-col-33 elementor-top-column elementor-element elementor-element-0559a39\" data-id=\"0559a39\" data-element_type=\"column\" data-settings=\"{&quot;background_background&quot;:&quot;classic&quot;}\">\n\t\t\t<div class=\"elementor-widget-wrap elementor-element-populated\">\n\t\t\t\t\t\t<div class=\"elementor-element elementor-element-a1baf03 elementor-widget elementor-widget-heading\" data-id=\"a1baf03\" data-element_type=\"widget\" data-widget_type=\"heading.default\">\n\t\t\t\t<div class=\"elementor-widget-container\">\n\t\t\t\t\t<h4 class=\"elementor-heading-title elementor-size-default\">\u0130LET\u0130\u015e\u0130M<\/h4>\t\t\t\t<\/div>\n\t\t\t\t<\/div>\n\t\t\t\t<div class=\"elementor-element elementor-element-40dcd54 elementor-widget elementor-widget-text-editor\" data-id=\"40dcd54\" data-element_type=\"widget\" data-widget_type=\"text-editor.default\">\n\t\t\t\t<div class=\"elementor-widget-container\">\n\t\t\t\t\t\t\t\t\t<p><strong><em>Hadopet Petrol \u00dcr\u00fcnleri Da\u011f. Paz. Ltd. \u015eti<\/em><\/strong><\/p>\t\t\t\t\t\t\t\t<\/div>\n\t\t\t\t<\/div>\n\t\t\t\t<div class=\"elementor-element elementor-element-a70bb53 elementor-widget elementor-widget-heading\" data-id=\"a70bb53\" data-element_type=\"widget\" data-widget_type=\"heading.default\">\n\t\t\t\t<div class=\"elementor-widget-container\">\n\t\t\t\t\t<h4 class=\"elementor-heading-title elementor-size-default\">Mimarsinan Mahallesi, K\u00fc\u00e7\u00fck Sanayi Sitesi\n\nAkp\u0131nar Sk. No:4\/E Silivri \/ \u0130stanbul<\/h4>\t\t\t\t<\/div>\n\t\t\t\t<\/div>\n\t\t\t\t<div class=\"elementor-element elementor-element-af9d0ac elementor-icon-list--layout-traditional elementor-list-item-link-full_width elementor-widget elementor-widget-icon-list\" data-id=\"af9d0ac\" data-element_type=\"widget\" data-widget_type=\"icon-list.default\">\n\t\t\t\t<div class=\"elementor-widget-container\">\n\t\t\t\t\t\t\t<ul class=\"elementor-icon-list-items\">\n\t\t\t\t\t\t\t<li class=\"elementor-icon-list-item\">\n\t\t\t\t\t\t\t\t\t\t\t<span class=\"elementor-icon-list-icon\">\n\t\t\t\t\t\t\t<i aria-hidden=\"true\" class=\"fas fa-phone-alt\"><\/i>\t\t\t\t\t\t<\/span>\n\t\t\t\t\t\t\t\t\t\t<span class=\"elementor-icon-list-text\">+905545424404<\/span>\n\t\t\t\t\t\t\t\t\t<\/li>\n\t\t\t\t\t\t\t\t<li class=\"elementor-icon-list-item\">\n\t\t\t\t\t\t\t\t\t\t\t<a href=\"http:\/\/02128767674\">\n\n\t\t\t\t\t\t\t\t\t\t\t\t<span class=\"elementor-icon-list-icon\">\n\t\t\t\t\t\t\t<i aria-hidden=\"true\" class=\"fas fa-phone-alt\"><\/i>\t\t\t\t\t\t<\/span>\n\t\t\t\t\t\t\t\t\t\t<span class=\"elementor-icon-list-text\">02128767674<\/span>\n\t\t\t\t\t\t\t\t\t\t\t<\/a>\n\t\t\t\t\t\t\t\t\t<\/li>\n\t\t\t\t\t\t\t\t<li class=\"elementor-icon-list-item\">\n\t\t\t\t\t\t\t\t\t\t\t<span class=\"elementor-icon-list-icon\">\n\t\t\t\t\t\t\t<i aria-hidden=\"true\" class=\"far fa-envelope\"><\/i>\t\t\t\t\t\t<\/span>\n\t\t\t\t\t\t\t\t\t\t<span class=\"elementor-icon-list-text\">Hadopet@hadopet.com.tr<\/span>\n\t\t\t\t\t\t\t\t\t<\/li>\n\t\t\t\t\t\t<\/ul>\n\t\t\t\t\t\t<\/div>\n\t\t\t\t<\/div>\n\t\t\t\t<div class=\"elementor-element elementor-element-4262172 elementor-shape-square e-grid-align-left elementor-grid-0 elementor-widget elementor-widget-social-icons\" data-id=\"4262172\" data-element_type=\"widget\" data-widget_type=\"social-icons.default\">\n\t\t\t\t<div class=\"elementor-widget-container\">\n\t\t\t\t\t\t\t<div class=\"elementor-social-icons-wrapper elementor-grid\">\n\t\t\t\t\t\t\t<span class=\"elementor-grid-item\">\n\t\t\t\t\t<a class=\"elementor-icon elementor-social-icon elementor-social-icon-whatsapp elementor-repeater-item-15df332\" href=\"https:\/\/wa.me\/+905545424408\" target=\"_blank\">\n\t\t\t\t\t\t<span class=\"elementor-screen-only\">Whatsapp<\/span>\n\t\t\t\t\t\t<i class=\"fab fa-whatsapp\"><\/i>\t\t\t\t\t<\/a>\n\t\t\t\t<\/span>\n\t\t\t\t\t<\/div>\n\t\t\t\t\t\t<\/div>\n\t\t\t\t<\/div>\n\t\t\t\t\t<\/div>\n\t\t<\/div>\n\t\t\t\t<div class=\"elementor-column elementor-col-66 elementor-top-column elementor-element elementor-element-9d73edb\" data-id=\"9d73edb\" data-element_type=\"column\" data-settings=\"{&quot;background_background&quot;:&quot;classic&quot;}\">\n\t\t\t<div class=\"elementor-widget-wrap elementor-element-populated\">\n\t\t\t\t\t\t<div class=\"elementor-element elementor-element-4bcc378 elementor-widget elementor-widget-heading\" data-id=\"4bcc378\" data-element_type=\"widget\" data-widget_type=\"heading.default\">\n\t\t\t\t<div class=\"elementor-widget-container\">\n\t\t\t\t\t<h4 class=\"elementor-heading-title elementor-size-default\">Bize Ula\u015f\u0131n...<\/h4>\t\t\t\t<\/div>\n\t\t\t\t<\/div>\n\t\t\t\t<div class=\"elementor-element elementor-element-8128739 elementor-widget elementor-widget-shortcode\" data-id=\"8128739\" data-element_type=\"widget\" data-widget_type=\"shortcode.default\">\n\t\t\t\t<div class=\"elementor-widget-container\">\n\t\t\t\t\t\t\t<div class=\"elementor-shortcode\">\n<div class=\"wpcf7 no-js\" id=\"wpcf7-f2007-o1\" lang=\"en-US\" dir=\"ltr\">\n<div class=\"screen-reader-response\"><p role=\"status\" aria-live=\"polite\" aria-atomic=\"true\"><\/p> <ul><\/ul><\/div>\n<form action=\"\/Hadopet\/wp-json\/wp\/v2\/pages\/1961#wpcf7-f2007-o1\" method=\"post\" class=\"wpcf7-form init\" aria-label=\"Contact form\" novalidate=\"novalidate\" data-status=\"init\">\n<div style=\"display: none;\">\n<input type=\"hidden\" name=\"_wpcf7\" value=\"2007\" \/>\n<input type=\"hidden\" name=\"_wpcf7_version\" value=\"5.9.8\" \/>\n<input type=\"hidden\" name=\"_wpcf7_locale\" value=\"en_US\" \/>\n<input type=\"hidden\" name=\"_wpcf7_unit_tag\" value=\"wpcf7-f2007-o1\" \/>\n<input type=\"hidden\" name=\"_wpcf7_container_post\" value=\"0\" \/>\n<input type=\"hidden\" name=\"_wpcf7_posted_data_hash\" value=\"\" \/>\n<\/div>\n<p class=\"form-row-first\"><br \/>\n<label>Your Name <span class=\"required\" title=\"required\">*<\/span><\/label><span class=\"wpcf7-form-control-wrap\" data-name=\"your-name\"><input size=\"40\" maxlength=\"400\" class=\"wpcf7-form-control wpcf7-text wpcf7-validates-as-required\" aria-required=\"true\" aria-invalid=\"false\" value=\"\" type=\"text\" name=\"your-name\" \/><\/span>\n<\/p>\n<p class=\"form-row-last\"><br \/>\n<label>Your Email <span class=\"required\" title=\"required\">*<\/span><\/label><span class=\"wpcf7-form-control-wrap\" data-name=\"your-email\"><input size=\"40\" maxlength=\"400\" class=\"wpcf7-form-control wpcf7-email wpcf7-validates-as-required wpcf7-text wpcf7-validates-as-email\" aria-required=\"true\" aria-invalid=\"false\" value=\"\" type=\"email\" name=\"your-email\" \/><\/span>\n<\/p>\n<p class=\"form-row-wide\"><br \/>\n<label>Subject<\/label><span class=\"wpcf7-form-control-wrap\" data-name=\"your-subject\"><input size=\"40\" maxlength=\"400\" class=\"wpcf7-form-control wpcf7-text\" aria-invalid=\"false\" value=\"\" type=\"text\" name=\"your-subject\" \/><\/span>\n<\/p>\n<p class=\"form-row-wide\"><br \/>\n<label>Your Message<\/label><span class=\"wpcf7-form-control-wrap\" data-name=\"your-message\"><textarea cols=\"40\" rows=\"6\" maxlength=\"2000\" class=\"wpcf7-form-control wpcf7-textarea\" aria-invalid=\"false\" name=\"your-message\"><\/textarea><\/span>\n<\/p>\n<p class=\"form-row-wide\"><input class=\"wpcf7-form-control wpcf7-submit has-spinner\" type=\"submit\" value=\"Send\" \/>\n<\/p><div class=\"wpcf7-response-output\" aria-hidden=\"true\"><\/div>\n<\/form>\n<\/div>\n<\/div>\n\t\t\t\t\t\t<\/div>\n\t\t\t\t<\/div>\n\t\t\t\t\t<\/div>\n\t\t<\/div>\n\t\t\t\t\t<\/div>\n\t\t<\/section>\n\t\t\t\t<section class=\"elementor-section elementor-top-section elementor-element elementor-element-a8aeab1 elementor-section-full_width elementor-section-height-default elementor-section-height-default\" data-id=\"a8aeab1\" data-element_type=\"section\">\n\t\t\t\t\t\t<div class=\"elementor-container elementor-column-gap-default\">\n\t\t\t\t\t<div class=\"elementor-column elementor-col-100 elementor-top-column elementor-element elementor-element-7fdac71\" data-id=\"7fdac71\" data-element_type=\"column\">\n\t\t\t<div class=\"elementor-widget-wrap elementor-element-populated\">\n\t\t\t\t\t\t<div class=\"elementor-element elementor-element-01e8704 elementor-widget elementor-widget-google_maps\" data-id=\"01e8704\" data-element_type=\"widget\" data-widget_type=\"google_maps.default\">\n\t\t\t\t<div class=\"elementor-widget-container\">\n\t\t\t\t\t\t\t<div class=\"elementor-custom-embed\">\n\t\t\t<iframe loading=\"lazy\"\n\t\t\t\t\tsrc=\"https:\/\/maps.google.com\/maps?q=36M6%2B7G%20Silivri%2C%20%C4%B0stanbul&t=m&z=18&output=embed&iwloc=near\"\n\t\t\t\t\ttitle=\"36M6+7G Silivri, \u0130stanbul\"\n\t\t\t\t\taria-label=\"36M6+7G Silivri, \u0130stanbul\"\n\t\t\t><\/iframe>\n\t\t<\/div>\n\t\t\t\t\t\t<\/div>\n\t\t\t\t<\/div>\n\t\t\t\t\t<\/div>\n\t\t<\/div>\n\t\t\t\t\t<\/div>\n\t\t<\/section>\n\t\t\t\t<\/div>\n\t\t","protected":false},"excerpt":{"rendered":"<p>\u0130LET\u0130\u015e\u0130M Hadopet Petrol \u00dcr\u00fcnleri Da\u011f. Paz. Ltd. \u015eti Mimarsinan Mahallesi, K\u00fc\u00e7\u00fck Sanayi Sitesi Akp\u0131nar Sk. No:4\/E Silivri \/ \u0130stanbul +905545424404 02128767674 Hadopet@hadopet.com.tr Whatsapp Bize Ula\u015f\u0131n\u2026<\/p>\n","protected":false},"author":1,"featured_media":0,"parent":0,"menu_order":0,"comment_status":"closed","ping_status":"closed","template":"","meta":{"_monsterinsights_skip_tracking":false,"_monsterinsights_sitenote_active":false,"_monsterinsights_sitenote_note":"","_monsterinsights_sitenote_category":0,"footnotes":""},"yoast_head":"<!-- This site is optimized with the Yoast SEO plugin v22.6 - https:\/\/yoast.com\/wordpress\/plugins\/seo\/ -->\n<title>\u0130leti\u015fim - HADOPET<\/title>\n<meta name=\"robots\" content=\"index, follow, max-snippet:-1, max-image-preview:large, max-video-preview:-1\" \/>\n<link rel=\"canonical\" href=\"http:\/\/www.hadopet.com.tr\/Hadopet\/iletisim\/\" \/>\n<meta property=\"og:locale\" content=\"tr_TR\" \/>\n<meta property=\"og:type\" content=\"article\" \/>\n<meta property=\"og:title\" content=\"\u0130leti\u015fim - HADOPET\" \/>\n<meta property=\"og:description\" content=\"\u0130LET\u0130\u015e\u0130M Hadopet Petrol \u00dcr\u00fcnleri Da\u011f. Paz. Ltd. \u015eti Mimarsinan Mahallesi, K\u00fc\u00e7\u00fck Sanayi Sitesi Akp\u0131nar Sk. No:4\/E Silivri \/ \u0130stanbul +905545424404 02128767674 Hadopet@hadopet.com.tr Whatsapp Bize Ula\u015f\u0131n\u2026\" \/>\n<meta property=\"og:url\" content=\"http:\/\/www.hadopet.com.tr\/Hadopet\/iletisim\/\" \/>\n<meta property=\"og:site_name\" content=\"HADOPET\" \/>\n<meta property=\"article:modified_time\" content=\"2023-10-08T15:40:44+00:00\" \/>\n<meta name=\"twitter:card\" content=\"summary_large_image\" \/>\n<meta name=\"twitter:label1\" content=\"Tahmini okuma s\u00fcresi\" \/>\n\t<meta name=\"twitter:data1\" content=\"1 dakika\" \/>\n<script type=\"application\/ld+json\" class=\"yoast-schema-graph\">{\"@context\":\"https:\/\/schema.org\",\"@graph\":[{\"@type\":\"WebPage\",\"@id\":\"http:\/\/www.hadopet.com.tr\/Hadopet\/iletisim\/\",\"url\":\"http:\/\/www.hadopet.com.tr\/Hadopet\/iletisim\/\",\"name\":\"\u0130leti\u015fim - HADOPET\",\"isPartOf\":{\"@id\":\"http:\/\/www.hadopet.com.tr\/Hadopet\/#website\"},\"datePublished\":\"2018-03-20T16:40:45+00:00\",\"dateModified\":\"2023-10-08T15:40:44+00:00\",\"breadcrumb\":{\"@id\":\"http:\/\/www.hadopet.com.tr\/Hadopet\/iletisim\/#breadcrumb\"},\"inLanguage\":\"tr\",\"potentialAction\":[{\"@type\":\"ReadAction\",\"target\":[\"http:\/\/www.hadopet.com.tr\/Hadopet\/iletisim\/\"]}]},{\"@type\":\"BreadcrumbList\",\"@id\":\"http:\/\/www.hadopet.com.tr\/Hadopet\/iletisim\/#breadcrumb\",\"itemListElement\":[{\"@type\":\"ListItem\",\"position\":1,\"name\":\"anasayfa\",\"item\":\"http:\/\/www.hadopet.com.tr\/Hadopet\/\"},{\"@type\":\"ListItem\",\"position\":2,\"name\":\"\u0130leti\u015fim\"}]},{\"@type\":\"WebSite\",\"@id\":\"http:\/\/www.hadopet.com.tr\/Hadopet\/#website\",\"url\":\"http:\/\/www.hadopet.com.tr\/Hadopet\/\",\"name\":\"HADOPET\",\"description\":\"HADOPET\",\"publisher\":{\"@id\":\"http:\/\/www.hadopet.com.tr\/Hadopet\/#organization\"},\"potentialAction\":[{\"@type\":\"SearchAction\",\"target\":{\"@type\":\"EntryPoint\",\"urlTemplate\":\"http:\/\/www.hadopet.com.tr\/Hadopet\/?s={search_term_string}\"},\"query-input\":\"required name=search_term_string\"}],\"inLanguage\":\"tr\"},{\"@type\":\"Organization\",\"@id\":\"http:\/\/www.hadopet.com.tr\/Hadopet\/#organization\",\"name\":\"HADOPET\",\"url\":\"http:\/\/www.hadopet.com.tr\/Hadopet\/\",\"logo\":{\"@type\":\"ImageObject\",\"inLanguage\":\"tr\",\"@id\":\"http:\/\/www.hadopet.com.tr\/Hadopet\/#\/schema\/logo\/image\/\",\"url\":\"http:\/\/www.hadopet.com.tr\/Hadopet\/wp-content\/uploads\/2023\/10\/logo-1.png\",\"contentUrl\":\"http:\/\/www.hadopet.com.tr\/Hadopet\/wp-content\/uploads\/2023\/10\/logo-1.png\",\"width\":250,\"height\":131,\"caption\":\"HADOPET\"},\"image\":{\"@id\":\"http:\/\/www.hadopet.com.tr\/Hadopet\/#\/schema\/logo\/image\/\"}}]}<\/script>\n<!-- \/ Yoast SEO plugin. -->","yoast_head_json":{"title":"\u0130leti\u015fim - HADOPET","robots":{"index":"index","follow":"follow","max-snippet":"max-snippet:-1","max-image-preview":"max-image-preview:large","max-video-preview":"max-video-preview:-1"},"canonical":"http:\/\/www.hadopet.com.tr\/Hadopet\/iletisim\/","og_locale":"tr_TR","og_type":"article","og_title":"\u0130leti\u015fim - HADOPET","og_description":"\u0130LET\u0130\u015e\u0130M Hadopet Petrol \u00dcr\u00fcnleri Da\u011f. Paz. Ltd. \u015eti Mimarsinan Mahallesi, K\u00fc\u00e7\u00fck Sanayi Sitesi Akp\u0131nar Sk. No:4\/E Silivri \/ \u0130stanbul +905545424404 02128767674 Hadopet@hadopet.com.tr Whatsapp Bize Ula\u015f\u0131n\u2026","og_url":"http:\/\/www.hadopet.com.tr\/Hadopet\/iletisim\/","og_site_name":"HADOPET","article_modified_time":"2023-10-08T15:40:44+00:00","twitter_card":"summary_large_image","twitter_misc":{"Tahmini okuma s\u00fcresi":"1 dakika"},"schema":{"@context":"https:\/\/schema.org","@graph":[{"@type":"WebPage","@id":"http:\/\/www.hadopet.com.tr\/Hadopet\/iletisim\/","url":"http:\/\/www.hadopet.com.tr\/Hadopet\/iletisim\/","name":"\u0130leti\u015fim - HADOPET","isPartOf":{"@id":"http:\/\/www.hadopet.com.tr\/Hadopet\/#website"},"datePublished":"2018-03-20T16:40:45+00:00","dateModified":"2023-10-08T15:40:44+00:00","breadcrumb":{"@id":"http:\/\/www.hadopet.com.tr\/Hadopet\/iletisim\/#breadcrumb"},"inLanguage":"tr","potentialAction":[{"@type":"ReadAction","target":["http:\/\/www.hadopet.com.tr\/Hadopet\/iletisim\/"]}]},{"@type":"BreadcrumbList","@id":"http:\/\/www.hadopet.com.tr\/Hadopet\/iletisim\/#breadcrumb","itemListElement":[{"@type":"ListItem","position":1,"name":"anasayfa","item":"http:\/\/www.hadopet.com.tr\/Hadopet\/"},{"@type":"ListItem","position":2,"name":"\u0130leti\u015fim"}]},{"@type":"WebSite","@id":"http:\/\/www.hadopet.com.tr\/Hadopet\/#website","url":"http:\/\/www.hadopet.com.tr\/Hadopet\/","name":"HADOPET","description":"HADOPET","publisher":{"@id":"http:\/\/www.hadopet.com.tr\/Hadopet\/#organization"},"potentialAction":[{"@type":"SearchAction","target":{"@type":"EntryPoint","urlTemplate":"http:\/\/www.hadopet.com.tr\/Hadopet\/?s={search_term_string}"},"query-input":"required name=search_term_string"}],"inLanguage":"tr"},{"@type":"Organization","@id":"http:\/\/www.hadopet.com.tr\/Hadopet\/#organization","name":"HADOPET","url":"http:\/\/www.hadopet.com.tr\/Hadopet\/","logo":{"@type":"ImageObject","inLanguage":"tr","@id":"http:\/\/www.hadopet.com.tr\/Hadopet\/#\/schema\/logo\/image\/","url":"http:\/\/www.hadopet.com.tr\/Hadopet\/wp-content\/uploads\/2023\/10\/logo-1.png","contentUrl":"http:\/\/www.hadopet.com.tr\/Hadopet\/wp-content\/uploads\/2023\/10\/logo-1.png","width":250,"height":131,"caption":"HADOPET"},"image":{"@id":"http:\/\/www.hadopet.com.tr\/Hadopet\/#\/schema\/logo\/image\/"}}]}},"_links":{"self":[{"href":"http:\/\/www.hadopet.com.tr\/Hadopet\/wp-json\/wp\/v2\/pages\/1961"}],"collection":[{"href":"http:\/\/www.hadopet.com.tr\/Hadopet\/wp-json\/wp\/v2\/pages"}],"about":[{"href":"http:\/\/www.hadopet.com.tr\/Hadopet\/wp-json\/wp\/v2\/types\/page"}],"author":[{"embeddable":true,"href":"http:\/\/www.hadopet.com.tr\/Hadopet\/wp-json\/wp\/v2\/users\/1"}],"replies":[{"embeddable":true,"href":"http:\/\/www.hadopet.com.tr\/Hadopet\/wp-json\/wp\/v2\/comments?post=1961"}],"version-history":[{"count":10,"href":"http:\/\/www.hadopet.com.tr\/Hadopet\/wp-json\/wp\/v2\/pages\/1961\/revisions"}],"predecessor-version":[{"id":4353,"href":"http:\/\/www.hadopet.com.tr\/Hadopet\/wp-json\/wp\/v2\/pages\/1961\/revisions\/4353"}],"wp:attachment":[{"href":"http:\/\/www.hadopet.com.tr\/Hadopet\/wp-json\/wp\/v2\/media?parent=1961"}],"curies":[{"name":"wp","href":"https:\/\/api.w.org\/{rel}","templated":true}]}}